{"id":34497,"date":"2017-07-15T22:37:44","date_gmt":"2017-07-15T20:37:44","guid":{"rendered":"http:\/\/www.hausarztweidenallee.de\/wp\/?page_id=34497"},"modified":"2026-03-03T14:19:04","modified_gmt":"2026-03-03T13:19:04","slug":"aktuelles","status":"publish","type":"page","link":"https:\/\/www.hausarztweidenallee.de\/wp\/","title":{"rendered":"Aktuelles"},"content":{"rendered":"\t\t<div data-elementor-type=\"wp-post\" data-elementor-id=\"34497\" class=\"elementor elementor-34497\" data-elementor-post-type=\"page\">\n\t\t\t\t\t\t<section class=\"elementor-section elementor-top-section elementor-element elementor-element-4723df8c elementor-section-content-middle elementor-section-boxed elementor-section-height-default elementor-section-height-default\" data-id=\"4723df8c\" data-element_type=\"section\" data-e-type=\"section\" data-settings=\"{&quot;background_background&quot;:&quot;classic&quot;}\">\n\t\t\t\t\t\t\t<div class=\"elementor-background-overlay\"><\/div>\n\t\t\t\t\t\t\t<div class=\"elementor-container elementor-column-gap-default\">\n\t\t\t\t\t<div class=\"elementor-column elementor-col-100 elementor-top-column elementor-element elementor-element-5a5fcc55\" data-id=\"5a5fcc55\" data-element_type=\"column\" data-e-type=\"column\">\n\t\t\t<div class=\"elementor-widget-wrap elementor-element-populated\">\n\t\t\t\t\t\t<div class=\"elementor-element elementor-element-3a8cc84 animated-fast elementor-widget elementor-widget-heading\" data-id=\"3a8cc84\" data-element_type=\"widget\" data-e-type=\"widget\" data-settings=\"{&quot;_animation&quot;:&quot;none&quot;}\" data-widget_type=\"heading.default\">\n\t\t\t\t<div class=\"elementor-widget-container\">\n\t\t\t\t\t<h2 class=\"elementor-heading-title elementor-size-large\"><b>Hausarzt Weidenallee<\/b><\/h2>\t\t\t\t<\/div>\n\t\t\t\t<\/div>\n\t\t\t\t\t<\/div>\n\t\t<\/div>\n\t\t\t\t\t<\/div>\n\t\t<\/section>\n\t\t\t\t<section class=\"elementor-section elementor-top-section elementor-element elementor-element-1603641 elementor-section-boxed elementor-section-height-default elementor-section-height-default\" data-id=\"1603641\" data-element_type=\"section\" data-e-type=\"section\">\n\t\t\t\t\t\t<div class=\"elementor-container elementor-column-gap-default\">\n\t\t\t\t\t<div class=\"elementor-column elementor-col-100 elementor-top-column elementor-element elementor-element-f353e2b\" data-id=\"f353e2b\" data-element_type=\"column\" data-e-type=\"column\">\n\t\t\t<div class=\"elementor-widget-wrap elementor-element-populated\">\n\t\t\t\t\t\t<div class=\"elementor-element elementor-element-e4dff38 elementor-widget elementor-widget-heading\" data-id=\"e4dff38\" data-element_type=\"widget\" data-e-type=\"widget\" data-widget_type=\"heading.default\">\n\t\t\t\t<div class=\"elementor-widget-container\">\n\t\t\t\t\t<h2 class=\"elementor-heading-title elementor-size-default\">Willkommen in unserer Hausarztpraxis<\/h2>\t\t\t\t<\/div>\n\t\t\t\t<\/div>\n\t\t\t\t\t<\/div>\n\t\t<\/div>\n\t\t\t\t\t<\/div>\n\t\t<\/section>\n\t\t\t\t<section class=\"elementor-section elementor-top-section elementor-element elementor-element-7d0f624 elementor-section-boxed elementor-section-height-default elementor-section-height-default\" data-id=\"7d0f624\" data-element_type=\"section\" data-e-type=\"section\" data-settings=\"{&quot;background_background&quot;:&quot;classic&quot;}\">\n\t\t\t\t\t\t<div class=\"elementor-container elementor-column-gap-default\">\n\t\t\t\t\t<div class=\"elementor-column elementor-col-50 elementor-top-column elementor-element elementor-element-ac48a82\" data-id=\"ac48a82\" data-element_type=\"column\" data-e-type=\"column\">\n\t\t\t<div class=\"elementor-widget-wrap elementor-element-populated\">\n\t\t\t\t\t\t<div class=\"elementor-element elementor-element-041cb6e elementor-widget elementor-widget-text-editor\" data-id=\"041cb6e\" data-element_type=\"widget\" data-e-type=\"widget\" data-widget_type=\"text-editor.default\">\n\t\t\t\t<div class=\"elementor-widget-container\">\n\t\t\t\t\t\t\t\t\t<p><strong style=\"color: #44668f;\">Liebe Patient:innen<\/strong><\/p><p>f\u00fcr Ihre medizinische Versorgung stehen Ihnen bei uns zwei unterschiedliche Sprechstunden zur Verf\u00fcgung. Termine buchen Sie vorzugsweise \u00fcber die Online-Rezeption.<\/p><p>In der <span style=\"font-weight: 600; color: #2f2f2f;\">Allgemeinen Sprechstunde<\/span> behandeln wir alle Anliegen, die eine ausf\u00fchrlichere Beratung oder Abkl\u00e4rung ben\u00f6tigen \u2013 auch l\u00e4nger bestehende Beschwerden sowie die Betreuung chronischer Erkrankungen. Hier k\u00f6nnen Sie eine \u00c4rztin oder einen Arzt Ihrer Wahl ausw\u00e4hlen. Termine sind im Voraus sowie \u2013 je nach Verf\u00fcgbarkeit \u2013 auch kurzfristig m\u00f6glich.<\/p><p>Die <span style=\"font-weight: 600; color: #2f2f2f;\">Akutsprechstunde (TSS)<\/span> ist unsere t\u00e4glich angebotene, kurzfristig zug\u00e4ngliche Sprechstunde f\u00fcr neu aufgetretene, akute Beschwerden wie Infekte, Magen-Darm-Erkrankungen, akute Schmerzen oder eine dringende Arbeitsunf\u00e4higkeitsbescheinigung. Eine Arztwahl ist hier nicht vorgesehen. Die Termine werden jeweils um 8:00 und um 12:30 f\u00fcr die n\u00e4chste Sprechstunde freigegeben.<\/p><p>F\u00fcr Gesundheitsuntersuchungen (Check-up), pr\u00e4operative Untersuchungen sowie apparative Untersuchungen stellen Sie bitte eine Terminanfrage \u00fcber die Online-Rezeption mit kurzer Begr\u00fcndung. Sie erhalten von uns einen passenden Terminvorschlag.<\/p><p>Bei Notf\u00e4llen, akut bedrohlichen Beschwerden (z. B. starke Luftnot, pl\u00f6tzliche Brustschmerzen oder heftige neu aufgetretene Bauchschmerzen) suchen Sie bitte umgehend \u00e4rztliche Hilfe auf oder rufen den Rettungsdienst (112).<\/p><p>Ihr Praxisteam<\/p>\t\t\t\t\t\t\t\t<\/div>\n\t\t\t\t<\/div>\n\t\t\t\t\t<\/div>\n\t\t<\/div>\n\t\t\t\t<div class=\"elementor-column elementor-col-50 elementor-top-column elementor-element elementor-element-64cb380\" data-id=\"64cb380\" data-element_type=\"column\" data-e-type=\"column\">\n\t\t\t<div class=\"elementor-widget-wrap elementor-element-populated\">\n\t\t\t\t\t\t<div class=\"elementor-element elementor-element-04790dc tss-steps elementor-widget elementor-widget-text-editor\" data-id=\"04790dc\" data-element_type=\"widget\" data-e-type=\"widget\" data-widget_type=\"text-editor.default\">\n\t\t\t\t<div class=\"elementor-widget-container\">\n\t\t\t\t\t\t\t\t\t<p><strong style=\"color: #44668f;\">Hilfe zur Terminbuchung<\/strong><\/p><p><strong style=\"color: #44668f;\">Online-Rezeption<\/strong><br \/>\u00dcber unsere Online-Rezeption k\u00f6nnen Sie jederzeit Kontakt mit uns aufnehmen und selbstst\u00e4ndig Termine buchen und Rezepte und \u00dcberweisungen bestellen. Hier\u00fcber kl\u00e4ren Sie vorzugsweise organisatorische Anliegen oder senden uns Nachrichten, auch individuelle Terminanfragen sind m\u00f6glich.\u00a0<\/p><p><strong style=\"color: #44668f;\">Allgemeine Sprechstunde (Dubidoc)<\/strong><br \/><a href=\"https:\/\/patient.dubidoc.de\/praxiscode\/60082\" target=\"_blank\" rel=\"noopener\">(zur Terminbuchung)<\/a><br \/>Eine Registrierung erleichtert zuk\u00fcnftige Buchungen, ist jedoch nicht zwingend erforderlich.<\/p><p><strong style=\"color: #44668f;\">Akutsprechstunde (TSS)<\/strong><br \/><a href=\"https:\/\/eterminservice.de\/eterminservice\" target=\"_blank\" rel=\"noopener\">(zur Akutterminbuchung)<\/a><br \/>Die Termine werden jeweils um 8:00 und 12:30 f\u00fcr die n\u00e4chste Sprechstunde freigegeben.\u00a0<\/p><p><strong style=\"color: #44668f;\">Anleitung zur Buchung \u00fcber TSS<\/strong><\/p><ol class=\"tss-steps\"><li>\u201eHaben Sie einen Vermittlungscode?\u201c \u2013 <strong>NEIN<\/strong><\/li><li>\u201eFachrichtung?\u201c \u2013 <strong>Hausarzt<\/strong><\/li><li>\u201ePostleitzahl des Wohnortes der Praxis\u201c \u2013 <strong>20357<\/strong><\/li><li>Bitte Ihre E-Mail-Adresse eingeben (in der n\u00e4chsten Zeile nochmals eingeben)<\/li><li>\u201eKassenpatient?\u201c \u2013 <strong>ankreuzen<\/strong> (auch Privatpatienten)<\/li><li>Sie bekommen eine E-Mail mit einem Code \u2013 diesen im Folgenden eingeben oder reinkopieren<\/li><li>W\u00e4hlen Sie: <strong>\u201eHaus\u00e4rzte Weidenallee 1 \u2013 Akutsprechstunde\u201c<\/strong><\/li><\/ol><p>Sollte unsere Praxis dort nicht zu sehen sein, bedeutet es, dass bereits alle Termine f\u00fcr die kommende Sprechstunde ausgebucht sind. Gucken Sie dann einfach vor der n\u00e4chsten Sprechstunde wieder gegen 8:00 und gegen 12:30.<\/p>\t\t\t\t\t\t\t\t<\/div>\n\t\t\t\t<\/div>\n\t\t\t\t\t<\/div>\n\t\t<\/div>\n\t\t\t\t\t<\/div>\n\t\t<\/section>\n\t\t\t\t<section class=\"elementor-section elementor-top-section elementor-element elementor-element-ffff33e elementor-section-boxed elementor-section-height-default elementor-section-height-default\" data-id=\"ffff33e\" data-element_type=\"section\" data-e-type=\"section\" data-settings=\"{&quot;background_background&quot;:&quot;classic&quot;}\">\n\t\t\t\t\t\t\t<div class=\"elementor-background-overlay\"><\/div>\n\t\t\t\t\t\t\t<div class=\"elementor-container elementor-column-gap-default\">\n\t\t\t\t\t<div class=\"elementor-column elementor-col-100 elementor-top-column elementor-element elementor-element-87a51c1\" data-id=\"87a51c1\" data-element_type=\"column\" data-e-type=\"column\" data-settings=\"{&quot;animation&quot;:&quot;none&quot;}\">\n\t\t\t<div class=\"elementor-widget-wrap elementor-element-populated\">\n\t\t\t\t\t<div class=\"elementor-background-overlay\"><\/div>\n\t\t\t\t\t\t<div class=\"elementor-element elementor-element-86c780b elementor-position-inline-start elementor-view-default elementor-mobile-position-block-start elementor-widget elementor-widget-icon-box\" data-id=\"86c780b\" data-element_type=\"widget\" data-e-type=\"widget\" data-widget_type=\"icon-box.default\">\n\t\t\t\t<div class=\"elementor-widget-container\">\n\t\t\t\t\t\t\t<div class=\"elementor-icon-box-wrapper\">\n\n\t\t\t\t\t\t<div class=\"elementor-icon-box-icon\">\n\t\t\t\t<span  class=\"elementor-icon\">\n\t\t\t\t<i aria-hidden=\"true\" class=\"fas fa-map-marker-alt\"><\/i>\t\t\t\t<\/span>\n\t\t\t<\/div>\n\t\t\t\n\t\t\t\t\t\t<div class=\"elementor-icon-box-content\">\n\n\t\t\t\t\t\t\t\t\t<div class=\"elementor-icon-box-title\">\n\t\t\t\t\t\t<span  >\n\t\t\t\t\t\t\tAdresse\t\t\t\t\t\t<\/span>\n\t\t\t\t\t<\/div>\n\t\t\t\t\n\t\t\t\t\t\t\t\t\t<p class=\"elementor-icon-box-description\">\n\t\t\t\t\t\tWeidenallee 1<br>20357 Hamburg\t\t\t\t\t<\/p>\n\t\t\t\t\n\t\t\t<\/div>\n\t\t\t\n\t\t<\/div>\n\t\t\t\t\t\t<\/div>\n\t\t\t\t<\/div>\n\t\t\t\t<div class=\"elementor-element elementor-element-ebfe8cc elementor-position-inline-start elementor-view-default elementor-mobile-position-block-start elementor-widget elementor-widget-icon-box\" data-id=\"ebfe8cc\" data-element_type=\"widget\" data-e-type=\"widget\" data-widget_type=\"icon-box.default\">\n\t\t\t\t<div class=\"elementor-widget-container\">\n\t\t\t\t\t\t\t<div class=\"elementor-icon-box-wrapper\">\n\n\t\t\t\t\t\t<div class=\"elementor-icon-box-icon\">\n\t\t\t\t<span  class=\"elementor-icon\">\n\t\t\t\t<i aria-hidden=\"true\" class=\"fas fa-phone\"><\/i>\t\t\t\t<\/span>\n\t\t\t<\/div>\n\t\t\t\n\t\t\t\t\t\t<div class=\"elementor-icon-box-content\">\n\n\t\t\t\t\t\t\t\t\t<div class=\"elementor-icon-box-title\">\n\t\t\t\t\t\t<span  >\n\t\t\t\t\t\t\tTelefon\t\t\t\t\t\t<\/span>\n\t\t\t\t\t<\/div>\n\t\t\t\t\n\t\t\t\t\t\t\t\t\t<p class=\"elementor-icon-box-description\">\n\t\t\t\t\t\t040 \/ 43 80 81\t\t\t\t\t<\/p>\n\t\t\t\t\n\t\t\t<\/div>\n\t\t\t\n\t\t<\/div>\n\t\t\t\t\t\t<\/div>\n\t\t\t\t<\/div>\n\t\t\t\t<div class=\"elementor-element elementor-element-8481ba3 elementor-position-inline-start elementor-view-default elementor-mobile-position-block-start elementor-widget elementor-widget-icon-box\" data-id=\"8481ba3\" data-element_type=\"widget\" data-e-type=\"widget\" data-widget_type=\"icon-box.default\">\n\t\t\t\t<div class=\"elementor-widget-container\">\n\t\t\t\t\t\t\t<div class=\"elementor-icon-box-wrapper\">\n\n\t\t\t\t\t\t<div class=\"elementor-icon-box-icon\">\n\t\t\t\t<span  class=\"elementor-icon\">\n\t\t\t\t<i aria-hidden=\"true\" class=\"fas fa-fax\"><\/i>\t\t\t\t<\/span>\n\t\t\t<\/div>\n\t\t\t\n\t\t\t\t\t\t<div class=\"elementor-icon-box-content\">\n\n\t\t\t\t\t\t\t\t\t<div class=\"elementor-icon-box-title\">\n\t\t\t\t\t\t<span  >\n\t\t\t\t\t\t\tFAX\t\t\t\t\t\t<\/span>\n\t\t\t\t\t<\/div>\n\t\t\t\t\n\t\t\t\t\t\t\t\t\t<p class=\"elementor-icon-box-description\">\n\t\t\t\t\t\t040 \/ 43 80 82\t\t\t\t\t<\/p>\n\t\t\t\t\n\t\t\t<\/div>\n\t\t\t\n\t\t<\/div>\n\t\t\t\t\t\t<\/div>\n\t\t\t\t<\/div>\n\t\t\t\t<div class=\"elementor-element elementor-element-04ac7d4 elementor-position-inline-start elementor-view-default elementor-mobile-position-block-start elementor-widget elementor-widget-icon-box\" data-id=\"04ac7d4\" data-element_type=\"widget\" data-e-type=\"widget\" data-widget_type=\"icon-box.default\">\n\t\t\t\t<div class=\"elementor-widget-container\">\n\t\t\t\t\t\t\t<div class=\"elementor-icon-box-wrapper\">\n\n\t\t\t\t\t\t<div class=\"elementor-icon-box-icon\">\n\t\t\t\t<span  class=\"elementor-icon\">\n\t\t\t\t<i aria-hidden=\"true\" class=\"fas fa-envelope\"><\/i>\t\t\t\t<\/span>\n\t\t\t<\/div>\n\t\t\t\n\t\t\t\t\t\t<div class=\"elementor-icon-box-content\">\n\n\t\t\t\t\t\t\t\t\t<div class=\"elementor-icon-box-title\">\n\t\t\t\t\t\t<span  >\n\t\t\t\t\t\t\tEmail\t\t\t\t\t\t<\/span>\n\t\t\t\t\t<\/div>\n\t\t\t\t\n\t\t\t\t\t\t\t\t\t<p class=\"elementor-icon-box-description\">\n\t\t\t\t\t\tpraxisweidenallee1@docpost.de\t\t\t\t\t<\/p>\n\t\t\t\t\n\t\t\t<\/div>\n\t\t\t\n\t\t<\/div>\n\t\t\t\t\t\t<\/div>\n\t\t\t\t<\/div>\n\t\t\t\t\t<\/div>\n\t\t<\/div>\n\t\t\t\t<div class=\"elementor-column elementor-col-100 elementor-top-column elementor-element elementor-element-8824da4\" data-id=\"8824da4\" data-element_type=\"column\" data-e-type=\"column\" data-settings=\"{&quot;animation&quot;:&quot;none&quot;,&quot;animation_delay&quot;:200}\">\n\t\t\t<div class=\"elementor-widget-wrap elementor-element-populated\">\n\t\t\t\t\t\t<div class=\"elementor-element elementor-element-ab5d55f elementor-widget elementor-widget-google_maps\" data-id=\"ab5d55f\" data-element_type=\"widget\" data-e-type=\"widget\" data-widget_type=\"google_maps.default\">\n\t\t\t\t<div class=\"elementor-widget-container\">\n\t\t\t\t\t\t\t<div class=\"elementor-custom-embed\">\n\t\t\t<iframe loading=\"lazy\"\n\t\t\t\t\tsrc=\"https:\/\/maps.google.com\/maps?q=Weidenalle%201%2C%2020357%20Hamburg&#038;t=m&#038;z=16&#038;output=embed&#038;iwloc=near\"\n\t\t\t\t\ttitle=\"Weidenalle 1, 20357 Hamburg\"\n\t\t\t\t\taria-label=\"Weidenalle 1, 20357 Hamburg\"\n\t\t\t><\/iframe>\n\t\t<\/div>\n\t\t\t\t\t\t<\/div>\n\t\t\t\t<\/div>\n\t\t\t\t\t<\/div>\n\t\t<\/div>\n\t\t\t\t\t<\/div>\n\t\t<\/section>\n\t\t\t\t<\/div>\n\t\t","protected":false},"excerpt":{"rendered":"<p class=\"excerpt\">Hausarzt Weidenallee Willkommen in unserer Hausarztpraxis Liebe Patient:innen f\u00fcr Ihre medizinische Versorgung stehen Ihnen bei uns zwei unterschiedliche Sprechstunden zur Verf\u00fcgung. Termine buchen Sie vorzugsweise \u00fcber die Online-Rezeption. In der Allgemeinen Sprechstunde behandeln wir alle Anliegen, die eine ausf\u00fchrlichere Beratung oder Abkl\u00e4rung ben\u00f6tigen \u2013 auch l\u00e4nger bestehende Beschwerden sowie die Betreuung chronischer Erkrankungen. Hier k\u00f6nnen [&hellip;]<\/p>\n","protected":false},"author":1,"featured_media":0,"parent":0,"menu_order":0,"comment_status":"closed","ping_status":"closed","template":"elementor_header_footer","meta":{"footnotes":""},"class_list":["post-34497","page","type-page","status-publish","hentry"],"yoast_head":"<!-- This site is optimized with the Yoast SEO plugin v27.0 - https:\/\/yoast.com\/product\/yoast-seo-wordpress\/ -->\n<title>Aktuelles - Haus\u00e4rzte Weidenallee 1<\/title>\n<meta name=\"robots\" content=\"index, follow, max-snippet:-1, max-image-preview:large, max-video-preview:-1\" \/>\n<link rel=\"canonical\" href=\"https:\/\/www.hausarztweidenallee.de\/wp\/\" \/>\n<meta property=\"og:locale\" content=\"de_DE\" \/>\n<meta property=\"og:type\" content=\"article\" \/>\n<meta property=\"og:title\" content=\"Aktuelles - Haus\u00e4rzte Weidenallee 1\" \/>\n<meta property=\"og:description\" content=\"Hausarzt Weidenallee Willkommen in unserer Hausarztpraxis Liebe Patient:innen f\u00fcr Ihre medizinische Versorgung stehen Ihnen bei uns zwei unterschiedliche Sprechstunden zur Verf\u00fcgung. Termine buchen Sie vorzugsweise \u00fcber die Online-Rezeption. In der Allgemeinen Sprechstunde behandeln wir alle Anliegen, die eine ausf\u00fchrlichere Beratung oder Abkl\u00e4rung ben\u00f6tigen \u2013 auch l\u00e4nger bestehende Beschwerden sowie die Betreuung chronischer Erkrankungen. Hier k\u00f6nnen [&hellip;]\" \/>\n<meta property=\"og:url\" content=\"https:\/\/www.hausarztweidenallee.de\/wp\/\" \/>\n<meta property=\"og:site_name\" content=\"Haus\u00e4rzte Weidenallee 1\" \/>\n<meta property=\"article:modified_time\" content=\"2026-03-03T13:19:04+00:00\" \/>\n<meta name=\"twitter:card\" content=\"summary_large_image\" \/>\n<meta name=\"twitter:label1\" content=\"Gesch\u00e4tzte Lesezeit\" \/>\n\t<meta name=\"twitter:data1\" content=\"2\u00a0Minuten\" \/>\n<script type=\"application\/ld+json\" class=\"yoast-schema-graph\">{\"@context\":\"https:\/\/schema.org\",\"@graph\":[{\"@type\":\"WebPage\",\"@id\":\"https:\/\/www.hausarztweidenallee.de\/wp\/\",\"url\":\"https:\/\/www.hausarztweidenallee.de\/wp\/\",\"name\":\"Aktuelles - Haus\u00e4rzte Weidenallee 1\",\"isPartOf\":{\"@id\":\"https:\/\/www.hausarztweidenallee.de\/wp\/#website\"},\"datePublished\":\"2017-07-15T20:37:44+00:00\",\"dateModified\":\"2026-03-03T13:19:04+00:00\",\"breadcrumb\":{\"@id\":\"https:\/\/www.hausarztweidenallee.de\/wp\/#breadcrumb\"},\"inLanguage\":\"de\",\"potentialAction\":[{\"@type\":\"ReadAction\",\"target\":[\"https:\/\/www.hausarztweidenallee.de\/wp\/\"]}]},{\"@type\":\"BreadcrumbList\",\"@id\":\"https:\/\/www.hausarztweidenallee.de\/wp\/#breadcrumb\",\"itemListElement\":[{\"@type\":\"ListItem\",\"position\":1,\"name\":\"Startseite\",\"item\":\"https:\/\/www.hausarztweidenallee.de\/wp\/\"},{\"@type\":\"ListItem\",\"position\":2,\"name\":\"Aktuelles\"}]},{\"@type\":\"WebSite\",\"@id\":\"https:\/\/www.hausarztweidenallee.de\/wp\/#website\",\"url\":\"https:\/\/www.hausarztweidenallee.de\/wp\/\",\"name\":\"Haus\u00e4rzte Weidenallee 1\",\"description\":\"Haus\u00e4rzliche Gemeinschaftspraxis\",\"publisher\":{\"@id\":\"https:\/\/www.hausarztweidenallee.de\/wp\/#organization\"},\"potentialAction\":[{\"@type\":\"SearchAction\",\"target\":{\"@type\":\"EntryPoint\",\"urlTemplate\":\"https:\/\/www.hausarztweidenallee.de\/wp\/?s={search_term_string}\"},\"query-input\":{\"@type\":\"PropertyValueSpecification\",\"valueRequired\":true,\"valueName\":\"search_term_string\"}}],\"inLanguage\":\"de\"},{\"@type\":\"Organization\",\"@id\":\"https:\/\/www.hausarztweidenallee.de\/wp\/#organization\",\"name\":\"Haus\u00e4rzte Weidenallee 1\",\"url\":\"https:\/\/www.hausarztweidenallee.de\/wp\/\",\"logo\":{\"@type\":\"ImageObject\",\"inLanguage\":\"de\",\"@id\":\"https:\/\/www.hausarztweidenallee.de\/wp\/#\/schema\/logo\/image\/\",\"url\":\"https:\/\/www.hausarztweidenallee.de\/wp\/wp-content\/uploads\/2019\/01\/cropped-Logo-von-Felix.jpg\",\"contentUrl\":\"https:\/\/www.hausarztweidenallee.de\/wp\/wp-content\/uploads\/2019\/01\/cropped-Logo-von-Felix.jpg\",\"width\":1196,\"height\":1747,\"caption\":\"Haus\u00e4rzte Weidenallee 1\"},\"image\":{\"@id\":\"https:\/\/www.hausarztweidenallee.de\/wp\/#\/schema\/logo\/image\/\"}}]}<\/script>\n<!-- \/ Yoast SEO plugin. -->","yoast_head_json":{"title":"Aktuelles - Haus\u00e4rzte Weidenallee 1","robots":{"index":"index","follow":"follow","max-snippet":"max-snippet:-1","max-image-preview":"max-image-preview:large","max-video-preview":"max-video-preview:-1"},"canonical":"https:\/\/www.hausarztweidenallee.de\/wp\/","og_locale":"de_DE","og_type":"article","og_title":"Aktuelles - Haus\u00e4rzte Weidenallee 1","og_description":"Hausarzt Weidenallee Willkommen in unserer Hausarztpraxis Liebe Patient:innen f\u00fcr Ihre medizinische Versorgung stehen Ihnen bei uns zwei unterschiedliche Sprechstunden zur Verf\u00fcgung. Termine buchen Sie vorzugsweise \u00fcber die Online-Rezeption. In der Allgemeinen Sprechstunde behandeln wir alle Anliegen, die eine ausf\u00fchrlichere Beratung oder Abkl\u00e4rung ben\u00f6tigen \u2013 auch l\u00e4nger bestehende Beschwerden sowie die Betreuung chronischer Erkrankungen. Hier k\u00f6nnen [&hellip;]","og_url":"https:\/\/www.hausarztweidenallee.de\/wp\/","og_site_name":"Haus\u00e4rzte Weidenallee 1","article_modified_time":"2026-03-03T13:19:04+00:00","twitter_card":"summary_large_image","twitter_misc":{"Gesch\u00e4tzte Lesezeit":"2\u00a0Minuten"},"schema":{"@context":"https:\/\/schema.org","@graph":[{"@type":"WebPage","@id":"https:\/\/www.hausarztweidenallee.de\/wp\/","url":"https:\/\/www.hausarztweidenallee.de\/wp\/","name":"Aktuelles - Haus\u00e4rzte Weidenallee 1","isPartOf":{"@id":"https:\/\/www.hausarztweidenallee.de\/wp\/#website"},"datePublished":"2017-07-15T20:37:44+00:00","dateModified":"2026-03-03T13:19:04+00:00","breadcrumb":{"@id":"https:\/\/www.hausarztweidenallee.de\/wp\/#breadcrumb"},"inLanguage":"de","potentialAction":[{"@type":"ReadAction","target":["https:\/\/www.hausarztweidenallee.de\/wp\/"]}]},{"@type":"BreadcrumbList","@id":"https:\/\/www.hausarztweidenallee.de\/wp\/#breadcrumb","itemListElement":[{"@type":"ListItem","position":1,"name":"Startseite","item":"https:\/\/www.hausarztweidenallee.de\/wp\/"},{"@type":"ListItem","position":2,"name":"Aktuelles"}]},{"@type":"WebSite","@id":"https:\/\/www.hausarztweidenallee.de\/wp\/#website","url":"https:\/\/www.hausarztweidenallee.de\/wp\/","name":"Haus\u00e4rzte Weidenallee 1","description":"Haus\u00e4rzliche Gemeinschaftspraxis","publisher":{"@id":"https:\/\/www.hausarztweidenallee.de\/wp\/#organization"},"potentialAction":[{"@type":"SearchAction","target":{"@type":"EntryPoint","urlTemplate":"https:\/\/www.hausarztweidenallee.de\/wp\/?s={search_term_string}"},"query-input":{"@type":"PropertyValueSpecification","valueRequired":true,"valueName":"search_term_string"}}],"inLanguage":"de"},{"@type":"Organization","@id":"https:\/\/www.hausarztweidenallee.de\/wp\/#organization","name":"Haus\u00e4rzte Weidenallee 1","url":"https:\/\/www.hausarztweidenallee.de\/wp\/","logo":{"@type":"ImageObject","inLanguage":"de","@id":"https:\/\/www.hausarztweidenallee.de\/wp\/#\/schema\/logo\/image\/","url":"https:\/\/www.hausarztweidenallee.de\/wp\/wp-content\/uploads\/2019\/01\/cropped-Logo-von-Felix.jpg","contentUrl":"https:\/\/www.hausarztweidenallee.de\/wp\/wp-content\/uploads\/2019\/01\/cropped-Logo-von-Felix.jpg","width":1196,"height":1747,"caption":"Haus\u00e4rzte Weidenallee 1"},"image":{"@id":"https:\/\/www.hausarztweidenallee.de\/wp\/#\/schema\/logo\/image\/"}}]}},"_links":{"self":[{"href":"https:\/\/www.hausarztweidenallee.de\/wp\/wp-json\/wp\/v2\/pages\/34497","targetHints":{"allow":["GET"]}}],"collection":[{"href":"https:\/\/www.hausarztweidenallee.de\/wp\/wp-json\/wp\/v2\/pages"}],"about":[{"href":"https:\/\/www.hausarztweidenallee.de\/wp\/wp-json\/wp\/v2\/types\/page"}],"author":[{"embeddable":true,"href":"https:\/\/www.hausarztweidenallee.de\/wp\/wp-json\/wp\/v2\/users\/1"}],"replies":[{"embeddable":true,"href":"https:\/\/www.hausarztweidenallee.de\/wp\/wp-json\/wp\/v2\/comments?post=34497"}],"version-history":[{"count":114,"href":"https:\/\/www.hausarztweidenallee.de\/wp\/wp-json\/wp\/v2\/pages\/34497\/revisions"}],"predecessor-version":[{"id":38330,"href":"https:\/\/www.hausarztweidenallee.de\/wp\/wp-json\/wp\/v2\/pages\/34497\/revisions\/38330"}],"wp:attachment":[{"href":"https:\/\/www.hausarztweidenallee.de\/wp\/wp-json\/wp\/v2\/media?parent=34497"}],"curies":[{"name":"wp","href":"https:\/\/api.w.org\/{rel}","templated":true}]}}